{"id":71,"date":"2019-03-27T10:14:35","date_gmt":"2019-03-27T09:14:35","guid":{"rendered":"http:\/\/relaunch.musikzug-schloss-neuhaus.de\/?page_id=71"},"modified":"2023-02-08T16:14:19","modified_gmt":"2023-02-08T15:14:19","slug":"historie","status":"publish","type":"page","link":"https:\/\/www.musikzug-schloss-neuhaus.de\/?page_id=71","title":{"rendered":"Historie"},"content":{"rendered":"\n<p><strong>Das Trompeterkorps des Husarenregiments Zar Nikolaus II., 1. Westf\u00e4lisches Nr. 8<\/strong><\/p>\n\n\n<div class=\"wp-block-image\">\n<figure class=\"alignright\"><a href=\"https:\/\/www.musikzug-schloss-neuhaus.de\/wp-content\/uploads\/2019\/09\/8erhusaren.jpg\" rel=\"lightbox[71]\"><img loading=\"lazy\" decoding=\"async\" width=\"400\" height=\"239\" src=\"https:\/\/www.musikzug-schloss-neuhaus.de\/wp-content\/uploads\/2019\/09\/8erhusaren.jpg\" alt=\"\" class=\"wp-image-1325\" srcset=\"https:\/\/www.musikzug-schloss-neuhaus.de\/wp-content\/uploads\/2019\/09\/8erhusaren.jpg 400w, https:\/\/www.musikzug-schloss-neuhaus.de\/wp-content\/uploads\/2019\/09\/8erhusaren-300x179.jpg 300w\" sizes=\"auto, (max-width: 400px) 100vw, 400px\" \/><\/a><\/figure>\n<\/div>\n\n\n<p>Die ehemalige F\u00fcrstbisch\u00f6fliche Residenz Schlo\u00df Neuhaus kann auf eine weitreichende Musik- und vor allem auch Blasmusik-Geschichte zur\u00fcckblicken.<\/p>\n\n\n\n<p>Die ersten &#8220;Blasmusiker&#8221; in Schlo\u00df Neuhaus waren die Hoftrompeter am Hofe des F\u00fcrstbischofs. Die Wurzeln der Blasmusik im heutigen Sinn finden sich in den Trompeterkorps der im Schlo\u00df von Neuhaus stationierten Truppen wieder, von denen wohl das &#8220;Trompeterkorps des Husarenregiments Zar Nikolaus II., 1. Westf\u00e4lisches Nr. 8&#8221; &#8211; besser bekannt unter dem Namen &#8220;8er Husaren&#8221; &#8211; das Dorfleben in Schlo\u00df Neuhaus am meisten beeinflusste. Diese bezogen am 24. Februar 1851 Quartier in Schlo\u00df Neuhaus.<\/p>\n\n\n\n<p>Nach dem ersten Weltkrieg wurde das Husarenregiment, und somit auch das Trompeterkorps, im Rahmen der Erf\u00fcllung des Versailler Vertrages und der damit verbundenen Truppenreduzierung aufgel\u00f6st. Teile des Husarenregiments Zar Nikolaus II., 1. Westf\u00e4lisches Nr. 8, sowie Truppenteile f\u00fcnf weiterer Regimenter gingen 1920 im 15er Kavallerieregiment auf. Der letzte Musikmeister des Trompeterkorps der 8er Husaren von 1911-1919, Hugo Gerlach, gr\u00fcndete 1920 nur ein Jahr nach der Aufl\u00f6sung das Trompeterkorps des Kavallerieregiments 15, wobei auch einige Musiker der 8er Husaren daran beteiligt waren.<\/p>\n\n\n\n<p><strong>Hugo Gerlach und &#8220;sein Trompeterkorps des Kavallerieregiments 15&#8221; in Schlo\u00df Neuhaus<\/strong><\/p>\n\n\n<div class=\"wp-block-image\">\n<figure class=\"alignleft\"><a href=\"https:\/\/www.musikzug-schloss-neuhaus.de\/wp-content\/uploads\/2019\/09\/15erpb33.jpg\" rel=\"lightbox[71]\"><img loading=\"lazy\" decoding=\"async\" width=\"396\" height=\"235\" src=\"https:\/\/www.musikzug-schloss-neuhaus.de\/wp-content\/uploads\/2019\/09\/15erpb33.jpg\" alt=\"\" class=\"wp-image-1326\" srcset=\"https:\/\/www.musikzug-schloss-neuhaus.de\/wp-content\/uploads\/2019\/09\/15erpb33.jpg 396w, https:\/\/www.musikzug-schloss-neuhaus.de\/wp-content\/uploads\/2019\/09\/15erpb33-300x178.jpg 300w\" sizes=\"auto, (max-width: 396px) 100vw, 396px\" \/><\/a><\/figure>\n<\/div>\n\n\n<p>Das Trompeterkorps des Kavallerieregiments 15 wurde 1920 von Hugo Gerlach als &#8220;Nachfolger&#8221; des &#8220;Trompeterkorps des Husarenregiments Zar Nikolaus II., 1. Westf\u00e4lisches Nr. 8&#8221; gegr\u00fcndet.<\/p>\n\n\n\n<p>Zu Hugo Gerlach berichtet ein Zeitzeuge:<\/p>\n\n\n\n<p>&#8220;Nach Ausbildung an einem Konservatorium trat Hugo Gerlach im Jahre 1902 im Alter von 19 Jahren in das Leibgardehusarenregiment ein.&#8221; 1911 \u00fcbernimmt Gerlach als letzter Musikmeister das Trompeterkorps der 8. Husaren bis zu deren Aufl\u00f6sung. Weiter schreibt Friedrich: &#8220;Als Musikmeister begann er 1919 mit einigen Trompetern der 8. Husaren in Neuhaus mit der Bildung des Trompeterkorps, welches sich in kurzer Zeit wegen seines musikalischen und reiterlichen K\u00f6nnens nicht nur bei Paraden, so sp\u00e4ter in Berlin und in Rom, sondern ebenso bei Turnieren und festlichen Veranstaltungen gr\u00f6\u00dfter Beliebtheit erfreute. 1943\/44 holte Oberst Georg Freiherr von Boeselager Hugo Gerlach als Stabsmusikmeister zum Kavallerieregiment Mitte, wo er aus Musikern verschiedener Kavallerieverb\u00e4nde ein auf Schimmeln berittenes Trompeterkorps aufstellte, welches als einziges bis zum Kriegsende geschlo\u00dfen erhalten blieb.&#8221;<\/p>\n\n\n<div class=\"wp-block-image\">\n<figure class=\"alignright\"><a href=\"https:\/\/www.musikzug-schloss-neuhaus.de\/wp-content\/uploads\/2019\/09\/hugogerlach.jpg\" rel=\"lightbox[71]\"><img loading=\"lazy\" decoding=\"async\" width=\"338\" height=\"391\" src=\"https:\/\/www.musikzug-schloss-neuhaus.de\/wp-content\/uploads\/2019\/09\/hugogerlach.jpg\" alt=\"\" class=\"wp-image-1329\" srcset=\"https:\/\/www.musikzug-schloss-neuhaus.de\/wp-content\/uploads\/2019\/09\/hugogerlach.jpg 338w, https:\/\/www.musikzug-schloss-neuhaus.de\/wp-content\/uploads\/2019\/09\/hugogerlach-259x300.jpg 259w\" sizes=\"auto, (max-width: 338px) 100vw, 338px\" \/><\/a><\/figure>\n<\/div>\n\n\n<p>Nach dem Krieg und der damit verbundenen offiziellen Aufl\u00f6sung des Trompeterkorps blieben die Musiker um Hugo Gerlach zusammen. Die sogenannte &#8220;Kapelle Gerlach&#8221; war regional und \u00fcberregional bekannt. Hugo Gerlach gab am 30. September 1961 in der Paderhalle in Paderborn im Alter von 79 Jahren sein Abschiedskonzert. Er starb am 04. November 1964 als Ehrenb\u00fcrger von Schlo\u00df Neuhaus und wurde unter gro\u00dfer Anteilnahme der Bev\u00f6lkerung auf dem Paderborner Westfriedhof mit allen milit\u00e4rischen Ehren begraben.<\/p>\n\n\n\n<p>1945 &#8211; nach Ende des zweiten Weltkriegs &#8211; l\u00f6ste sich das Trompeterkorps des Kavallerieregiments 15, das bis dahin ausschlie\u00dflich unter der Leitung von Hugo Gerlach gestanden hat, auf.<\/p>\n\n\n\n<p><strong>Neueste Entwicklung<\/strong><\/p>\n\n\n<div class=\"wp-block-image\">\n<figure class=\"alignleft\"><a href=\"https:\/\/www.musikzug-schloss-neuhaus.de\/wp-content\/uploads\/2019\/09\/gruppenbild1983.jpg\" rel=\"lightbox[71]\"><img loading=\"lazy\" decoding=\"async\" width=\"338\" height=\"200\" src=\"https:\/\/www.musikzug-schloss-neuhaus.de\/wp-content\/uploads\/2019\/09\/gruppenbild1983.jpg\" alt=\"\" class=\"wp-image-1327\" srcset=\"https:\/\/www.musikzug-schloss-neuhaus.de\/wp-content\/uploads\/2019\/09\/gruppenbild1983.jpg 338w, https:\/\/www.musikzug-schloss-neuhaus.de\/wp-content\/uploads\/2019\/09\/gruppenbild1983-300x178.jpg 300w\" sizes=\"auto, (max-width: 338px) 100vw, 338px\" \/><\/a><\/figure>\n<\/div>\n\n\n<p>Durch die ber\u00fchmten und hervorragenden Trompeterkorps der in Neuhaus stationierten Truppen wurde in Neuhaus und im benachbarten Sennelager das Interesse an der Blasmusik geweckt. Es kamen auch Musiksoldaten vom Wehrdienst in diese Orte zur\u00fcck, so da\u00df sich um 1906-1908 in Sennelager und Neuhaus unabh\u00e4ngig voneinander zwei Blaskapellen gr\u00fcndeten. Die Kapelle in Sennelager, unter der Leitung von Franz R\u00f6lleke, geh\u00f6rte dem Heimatverein an, die Neuh\u00e4user Kapelle schlo\u00df sich dem katholischen Arbeiterverein an. Hier hatte zuerst Franz Fischer&nbsp;die musikalische Leitung, sp\u00e4ter Konrad H\u00f6schen, Vater eines noch aktiven Musikzugmitgliedes. Die Kapellen waren aber nur ca. 9-15 Mann stark, sie wurden zu der Zeit fast ausschlie\u00dflich zu den regelm\u00e4\u00dfig stattfindenden Prozessionen gebraucht. Um die Jahrhundertwende entstand auch das Tambourkorps des Kriegervereins aus ehemaligen Milit\u00e4rtambouren und -hornisten (Hornist = offizielle Bezeichung f\u00fcr einen Pfeifer beim Spielmannszug). Dieses gestaltete das erste Sch\u00fctzenfest 1914 in Neuhaus musikalisch mit und schlo\u00df sich nach dem Krieg 1920 zum zweiten Sch\u00fctzenfest dem B\u00fcrger-Sch\u00fctzen-Verein an. Bei den Sch\u00fctzenfesten in Neuhaus spielte selbstverst\u00e4ndlich auch die Kapelle des katholischen Arbeitervereins zum Marsch durch den Ort und zum Konzert.<\/p>\n\n\n<div class=\"wp-block-image\">\n<figure class=\"alignright\"><a href=\"https:\/\/www.musikzug-schloss-neuhaus.de\/wp-content\/uploads\/2019\/09\/gruppenbild1987.jpg\" rel=\"lightbox[71]\"><img loading=\"lazy\" decoding=\"async\" width=\"369\" height=\"262\" src=\"https:\/\/www.musikzug-schloss-neuhaus.de\/wp-content\/uploads\/2019\/09\/gruppenbild1987.jpg\" alt=\"\" class=\"wp-image-1328\" srcset=\"https:\/\/www.musikzug-schloss-neuhaus.de\/wp-content\/uploads\/2019\/09\/gruppenbild1987.jpg 369w, https:\/\/www.musikzug-schloss-neuhaus.de\/wp-content\/uploads\/2019\/09\/gruppenbild1987-300x213.jpg 300w\" sizes=\"auto, (max-width: 369px) 100vw, 369px\" \/><\/a><\/figure>\n<\/div>\n\n\n<p>Im Jahr 1958 gr\u00fcndete sich der Musikzug der Freiwilligen Feuerwehr Schlo\u00df Neuhaus. Noch im Gr\u00fcndungsjahr wurde Josef Brinkmann stellvertretender Dirigent des Feuerwehrmusikzugs, der damals von Franz R\u00f6lleke geleitet wurde. Als dieser aus Altersgr\u00fcnden die Funktion des Dirigenten nicht mehr aus\u00fcben konnte, \u00fcbernahm Josef Brinkmann im Alter von 22 Jahren den Taktstock. Mit viel Elan und Einsatzbereitschaft machte er den Musikzug bekannt. Er \u00fcbte dieses Amt 12 Jahre lang aus. Danach war er noch weitere 10 Jahre stellvertretender Dirigent.<\/p>\n\n\n\n<p>Im Jahr 1982 wurde unter der musikalischen Leitung von Josef Brinkmann der jetzige Musikzug des B\u00fcrgersch\u00fctzenvereins Schlo\u00df Neuhaus gegr\u00fcndet. Durch seinen enormen Einsatz und seine Erfahrung wuchs dieses Orchester in kurzer Zeit zu einem namhaften Aush\u00e4ngeschild von Schlo\u00df Neuhaus heran. Eine Leistung, die gro\u00dfe Anerkennung verdient.<\/p>\n\n\n<div class=\"wp-block-image\">\n<figure class=\"alignleft\"><a href=\"https:\/\/www.musikzug-schloss-neuhaus.de\/wp-content\/uploads\/2019\/09\/josefbrinkmann.jpg\" rel=\"lightbox[71]\"><img loading=\"lazy\" decoding=\"async\" width=\"300\" height=\"400\" src=\"https:\/\/www.musikzug-schloss-neuhaus.de\/wp-content\/uploads\/2019\/09\/josefbrinkmann.jpg\" alt=\"\" class=\"wp-image-1330\" srcset=\"https:\/\/www.musikzug-schloss-neuhaus.de\/wp-content\/uploads\/2019\/09\/josefbrinkmann.jpg 300w, https:\/\/www.musikzug-schloss-neuhaus.de\/wp-content\/uploads\/2019\/09\/josefbrinkmann-225x300.jpg 225w\" sizes=\"auto, (max-width: 300px) 100vw, 300px\" \/><\/a><\/figure>\n<\/div>\n\n\n<p>Schon fr\u00fch machte Josef Brinkmann als Trompeter auf sich aufmerksam und verschaffte sich durch seine musikalischen Leistungen Respekt und Ansehen.&nbsp;Hugo Gerlach, ein geachteter Milit\u00e4rmusiker, engagierte Josef Brinkmann im Alter von 17 Jahren als Trompeter f\u00fcr seine Kapelle, was zur damaligen Zeit eine echte Besonderheit darstellte, bestand doch dieses Orchester aus ehemaligen Berufsmusikern der 15er Reiterkapelle. Schnell war Josef Brinkmann in Paderborn und Umgebung als Trompeter und Solist bekannt und wurde von vielen Kapellen bei Besetzungsengp\u00e4ssen engagiert.<\/p>\n\n\n\n<p>Im Jahre 1988 beschlo\u00df er, den Taktstock an Elmar B\u00fcsse abzugeben und war bis zum Beginn 2002 stellvertretender Dirigent unseres Musikzugs.&nbsp;<\/p>\n\n\n\n<p>Josef Brinkmann hat sich als Musiker und Dirigent \u00fcber viele Jahre hinweg f\u00fcr die musikalischen Belange in Schlo\u00df Neuhaus und Umgebung in besonderer Weise eingesetzt und verdient gemacht. Seine musikalische Kompetenz sowie seine Beharrlichkeit und sein Durchsetzungsverm\u00f6gen verschafften ihm Erfolg und Anerkennung.<\/p>\n\n\n\n<p>F\u00fcr diesen Einsatz und die beispielhafte Arbeit wurde Josef Brinkmann beim Fr\u00fchlingskonzert im M\u00e4rz 2002 zum Ehrendirigenten des Musikzuges des B\u00fcrgersch\u00fctzenvereins Schlo\u00df Neuhaus ernannt.<\/p>\n\n\n<div class=\"wp-block-image\">\n<figure class=\"alignright\"><a href=\"https:\/\/www.musikzug-schloss-neuhaus.de\/wp-content\/uploads\/2019\/09\/marschformation.jpg\" rel=\"lightbox[71]\"><img loading=\"lazy\" decoding=\"async\" width=\"332\" height=\"206\" src=\"https:\/\/www.musikzug-schloss-neuhaus.de\/wp-content\/uploads\/2019\/09\/marschformation.jpg\" alt=\"\" class=\"wp-image-1331\" srcset=\"https:\/\/www.musikzug-schloss-neuhaus.de\/wp-content\/uploads\/2019\/09\/marschformation.jpg 332w, https:\/\/www.musikzug-schloss-neuhaus.de\/wp-content\/uploads\/2019\/09\/marschformation-300x186.jpg 300w\" sizes=\"auto, (max-width: 332px) 100vw, 332px\" \/><\/a><\/figure>\n<\/div>\n\n\n<p>Mit gro\u00dfem Elan und Einsatzbereitschaft leitet Elmar B\u00fcsse seit 1988 dieses Orchester &#8211; und das mit gro\u00dfem Erfolg. Elmar B\u00fcsse ist ebenfalls Trompeter und Absolvent der Musikhochschule in Detmold, eine der namhaftesten Musikhochschulen in Deutschland. Hauptberuflich ist er Dozent im Fach Trompete an der St\u00e4dtischen Musikschule in Paderborn. Bei vielen offiziellen Anl\u00e4ssen hat er sein musikalisches K\u00f6nnen mit virtuoser Bravour unter Beweis stellen k\u00f6nnen, was ihn mittlerweile weit \u00fcber die Grenzen Paderborns bekannt gemacht hat.<\/p>\n\n\n<div class=\"wp-block-image\">\n<figure class=\"alignleft size-medium\"><img loading=\"lazy\" decoding=\"async\" width=\"300\" height=\"200\" src=\"https:\/\/www.musikzug-schloss-neuhaus.de\/wp-content\/uploads\/2023\/02\/SA9_7626-300x200.jpg\" alt=\"\" class=\"wp-image-2600\" srcset=\"https:\/\/www.musikzug-schloss-neuhaus.de\/wp-content\/uploads\/2023\/02\/SA9_7626-300x200.jpg 300w, https:\/\/www.musikzug-schloss-neuhaus.de\/wp-content\/uploads\/2023\/02\/SA9_7626-1024x683.jpg 1024w, https:\/\/www.musikzug-schloss-neuhaus.de\/wp-content\/uploads\/2023\/02\/SA9_7626-768x512.jpg 768w, https:\/\/www.musikzug-schloss-neuhaus.de\/wp-content\/uploads\/2023\/02\/SA9_7626-1536x1024.jpg 1536w, https:\/\/www.musikzug-schloss-neuhaus.de\/wp-content\/uploads\/2023\/02\/SA9_7626-2048x1365.jpg 2048w, https:\/\/www.musikzug-schloss-neuhaus.de\/wp-content\/uploads\/2023\/02\/SA9_7626-1320x880.jpg 1320w\" sizes=\"auto, (max-width: 300px) 100vw, 300px\" \/><\/figure>\n<\/div>\n\n\n<p>Nach \u00fcber 30 Jahren \u00fcbergab Elmar B\u00fcsse 2019 im feierlichen Rahmen des Konzerts &#8220;Winterzauber&#8221; den Taktstock schlie\u00dflich an Dominik Baumann. Trotz seines jungen Alters konnte Dominik Baumann bereits zahlreiche Erfahrungen im Dirigieren vorweisen und in der Vorbereitungsphase frische Impulse setzen. Die Leitung weiterer Konzerte blieb ihm jedoch vorerst verwehrt, da entsprechende Vorhaben aufgrund der Corona-Pandemie immer wieder verworfen werden mussten. Dennoch f\u00fchrte Dominik Baumann den Musikzug mittels innovativer Online-Proben mit Bravour durch die Krise und erm\u00f6glichte nach den langen Pausen immer wieder einen reibungslosen Neustart und gelungene Auftritte. Aktuell bereitet er den Musikzug anl\u00e4sslich dessen runden Geburtstags auf das Konzert &#8220;40 Jahre Musikzug &#8211; neu interpretiert!&#8221; vor. <\/p>\n","protected":false},"excerpt":{"rendered":"<p>Das Trompeterkorps des Husarenregiments Zar Nikolaus II., 1. Westf\u00e4lisches Nr. 8 Die ehemalige F\u00fcrstbisch\u00f6fliche Residenz Schlo\u00df Neuhaus kann auf eine weitreichende Musik- und vor allem auch Blasmusik-Geschichte zur\u00fcckblicken. Die ersten &#8220;Blasmusiker&#8221; in Schlo\u00df Neuhaus waren die Hoftrompeter am Hofe des F\u00fcrstbischofs. Die Wurzeln der Blasmusik im heutigen Sinn finden sich in den Trompeterkorps der im [&hellip;]<\/p>\n","protected":false},"author":1,"featured_media":0,"parent":0,"menu_order":0,"comment_status":"closed","ping_status":"closed","template":"","meta":{"_cbd_carousel_blocks":"[]","ngg_post_thumbnail":0,"footnotes":""},"class_list":["post-71","page","type-page","status-publish","hentry"],"_links":{"self":[{"href":"https:\/\/www.musikzug-schloss-neuhaus.de\/index.php?rest_route=\/wp\/v2\/pages\/71","targetHints":{"allow":["GET"]}}],"collection":[{"href":"https:\/\/www.musikzug-schloss-neuhaus.de\/index.php?rest_route=\/wp\/v2\/pages"}],"about":[{"href":"https:\/\/www.musikzug-schloss-neuhaus.de\/index.php?rest_route=\/wp\/v2\/types\/page"}],"author":[{"embeddable":true,"href":"https:\/\/www.musikzug-schloss-neuhaus.de\/index.php?rest_route=\/wp\/v2\/users\/1"}],"replies":[{"embeddable":true,"href":"https:\/\/www.musikzug-schloss-neuhaus.de\/index.php?rest_route=%2Fwp%2Fv2%2Fcomments&post=71"}],"version-history":[{"count":7,"href":"https:\/\/www.musikzug-schloss-neuhaus.de\/index.php?rest_route=\/wp\/v2\/pages\/71\/revisions"}],"predecessor-version":[{"id":2604,"href":"https:\/\/www.musikzug-schloss-neuhaus.de\/index.php?rest_route=\/wp\/v2\/pages\/71\/revisions\/2604"}],"wp:attachment":[{"href":"https:\/\/www.musikzug-schloss-neuhaus.de\/index.php?rest_route=%2Fwp%2Fv2%2Fmedia&parent=71"}],"curies":[{"name":"wp","href":"https:\/\/api.w.org\/{rel}","templated":true}]}}