{"id":309,"date":"2019-03-28T17:32:40","date_gmt":"2019-03-28T16:32:40","guid":{"rendered":"http:\/\/relaunch.musikzug-schloss-neuhaus.de\/?page_id=309"},"modified":"2025-02-02T14:45:16","modified_gmt":"2025-02-02T13:45:16","slug":"impressum","status":"publish","type":"page","link":"https:\/\/www.musikzug-schloss-neuhaus.de\/?page_id=309","title":{"rendered":"Impressum"},"content":{"rendered":"\n<p>Musikzug Schlo\u00df Neuhaus<br>Vorsitzender:<br>Christopher Gutt<br>Trakehnerstra\u00dfe 22b<br>33104 Paderborn<\/p>\n\n\n\n<p><a href=\"mailto:vorstand@musikzug-schloss-neuhaus.de\">vorstand@musikzug-schloss-neuhaus.de<\/a><\/p>\n\n\n\n<p>B\u00fcrger-Sch\u00fctzen-Verein Schlo\u00df Neuhaus 1913 &#8211; St. Henricus-Bruderschaft e. V. &#8211;<\/p>\n\n\n\n<p>Ulrichstr. 22<br>33104 Paderborn<\/p>\n\n\n\n<p>Gesch\u00e4ftsf\u00fchrender Vorstand:<br>Markus Cink&nbsp;(Oberst)<br>Olaf Pippert (Oberstleutnant)<br>Matthias Pielsticker&nbsp;(Gesch\u00e4ftsf\u00fchrer)<br>Raimund Vo\u00df (Kommandeur)<br>Matthias Wittig &nbsp;(Schatzmeister)<br>Florian Pelz (Stv. Schatzmeister)<br>Josef Jakobsmeyer (Schriftf\u00fchrer)<\/p>\n\n\n\n<p>Registergericht: Amtsgericht Paderborn &#8211; Registernummer: VR 660<\/p>\n","protected":false},"excerpt":{"rendered":"<p>Musikzug Schlo\u00df NeuhausVorsitzender:Christopher GuttTrakehnerstra\u00dfe 22b33104 Paderborn vorstand@musikzug-schloss-neuhaus.de B\u00fcrger-Sch\u00fctzen-Verein Schlo\u00df Neuhaus 1913 &#8211; St. Henricus-Bruderschaft e. V. &#8211; Ulrichstr. 2233104 Paderborn Gesch\u00e4ftsf\u00fchrender Vorstand:Markus Cink&nbsp;(Oberst)Olaf Pippert (Oberstleutnant)Matthias Pielsticker&nbsp;(Gesch\u00e4ftsf\u00fchrer)Raimund Vo\u00df (Kommandeur)Matthias Wittig &nbsp;(Schatzmeister)Florian Pelz (Stv. Schatzmeister)Josef Jakobsmeyer (Schriftf\u00fchrer) Registergericht: Amtsgericht Paderborn &#8211; Registernummer: VR 660<\/p>\n","protected":false},"author":1,"featured_media":0,"parent":0,"menu_order":0,"comment_status":"closed","ping_status":"closed","template":"","meta":{"_cbd_carousel_blocks":"[]","ngg_post_thumbnail":0,"footnotes":""},"class_list":["post-309","page","type-page","status-publish","hentry"],"_links":{"self":[{"href":"https:\/\/www.musikzug-schloss-neuhaus.de\/index.php?rest_route=\/wp\/v2\/pages\/309","targetHints":{"allow":["GET"]}}],"collection":[{"href":"https:\/\/www.musikzug-schloss-neuhaus.de\/index.php?rest_route=\/wp\/v2\/pages"}],"about":[{"href":"https:\/\/www.musikzug-schloss-neuhaus.de\/index.php?rest_route=\/wp\/v2\/types\/page"}],"author":[{"embeddable":true,"href":"https:\/\/www.musikzug-schloss-neuhaus.de\/index.php?rest_route=\/wp\/v2\/users\/1"}],"replies":[{"embeddable":true,"href":"https:\/\/www.musikzug-schloss-neuhaus.de\/index.php?rest_route=%2Fwp%2Fv2%2Fcomments&post=309"}],"version-history":[{"count":6,"href":"https:\/\/www.musikzug-schloss-neuhaus.de\/index.php?rest_route=\/wp\/v2\/pages\/309\/revisions"}],"predecessor-version":[{"id":2692,"href":"https:\/\/www.musikzug-schloss-neuhaus.de\/index.php?rest_route=\/wp\/v2\/pages\/309\/revisions\/2692"}],"wp:attachment":[{"href":"https:\/\/www.musikzug-schloss-neuhaus.de\/index.php?rest_route=%2Fwp%2Fv2%2Fmedia&parent=309"}],"curies":[{"name":"wp","href":"https:\/\/api.w.org\/{rel}","templated":true}]}}