{"id":2664,"date":"2024-04-07T07:37:09","date_gmt":"2024-04-07T06:37:09","guid":{"rendered":"https:\/\/www.musikzug-schloss-neuhaus.de\/?page_id=2664"},"modified":"2026-01-25T16:32:04","modified_gmt":"2026-01-25T15:32:04","slug":"2664-2","status":"publish","type":"page","link":"https:\/\/www.musikzug-schloss-neuhaus.de\/","title":{"rendered":"Herzlich Willkommen auf der Homepage des Musikzugs Schlo\u00df Neuhaus!"},"content":{"rendered":"\n<p class=\"has-text-align-center has-large-font-size\"><strong>Fr\u00fchlingserwachen<\/strong><\/p>\n\n\n\n<p>Der Winter ist bald vorbei, der Fr\u00fchling steht bereits in den Startl\u00f6chern, genauso wie unsere Musikerinnen und Musiker. Wir freuen uns, Ihnen am 21. M\u00e4rz 2026 um 19 Uhr unser Konzert, unter dem Motto Fr\u00fchlingserwachen, in unserer Schlosshalle in Schlo\u00df Neuhaus zu pr\u00e4sentieren. Freuen Sie sich auf einen klangvollen Abend und lassen Sie sich von virtuosen Kl\u00e4ngen und emotionalen Melodien verzaubern. Der Einlass erfolg ab 18 Uhr, f\u00fcr Spei\u00df und Trank ist gesorgt. Karten gibt es ab sofort bei Easy PBS (Bielefelder Str.5), bei unseren Musikern und in unserem Onlineshop<\/p>\n\n\n<div class=\"wp-block-image\">\n<figure class=\"aligncenter size-large is-resized\"><img loading=\"lazy\" decoding=\"async\" width=\"576\" height=\"1024\" src=\"https:\/\/www.musikzug-schloss-neuhaus.de\/wp-content\/uploads\/2026\/01\/1024-1820-576x1024.jpg\" alt=\"\" class=\"wp-image-2729\" style=\"aspect-ratio:0.5625045287636619;width:285px;height:auto\" srcset=\"https:\/\/www.musikzug-schloss-neuhaus.de\/wp-content\/uploads\/2026\/01\/1024-1820-576x1024.jpg 576w, https:\/\/www.musikzug-schloss-neuhaus.de\/wp-content\/uploads\/2026\/01\/1024-1820-169x300.jpg 169w, https:\/\/www.musikzug-schloss-neuhaus.de\/wp-content\/uploads\/2026\/01\/1024-1820-768x1365.jpg 768w, https:\/\/www.musikzug-schloss-neuhaus.de\/wp-content\/uploads\/2026\/01\/1024-1820-864x1536.jpg 864w, https:\/\/www.musikzug-schloss-neuhaus.de\/wp-content\/uploads\/2026\/01\/1024-1820.jpg 1024w\" sizes=\"auto, (max-width: 576px) 100vw, 576px\" \/><\/figure>\n<\/div>\n\n\n<link rel=\"stylesheet\" type=\"text\/css\" href=\"https:\/\/ticket.musikzug-schloss-neuhaus.de\/widget\/v2.css\" crossorigin>\n<script type=\"text\/javascript\" src=\"https:\/\/ticket.musikzug-schloss-neuhaus.de\/widget\/v2.de.js\" async crossorigin><\/script>\n\n<pretix-widget event=\"https:\/\/ticket.musikzug-schloss-neuhaus.de\/\"><\/pretix-widget>\n<noscript>\n   <div class=\"pretix-widget\">\n        <div class=\"pretix-widget-info-message\">\n            JavaScript ist in Ihrem Browser deaktiviert. Um unseren Ticketshop ohne JavaScript aufzurufen, klicken Sie bitte <a target=\"_blank\" rel=\"noopener\" href=\"https:\/\/ticket.musikzug-schloss-neuhaus.de\/\">hier<\/a>.\n        <\/div>\n    <\/div>\n<\/noscript>\n\n\n\n<p class=\"has-text-align-center\"><\/p>\n\n\n\n<p><\/p>\n\n\n\n<p>Unsere Proben finden jeden Dienstag um 19.30 Uhr im Schloss in Schlo\u00df Neuhaus statt.&nbsp;Interessierte sind jederzeit herzlich Willkommen!<\/p>\n\n\n\n<ul class=\"wp-block-social-links has-huge-icon-size is-style-logos-only is-content-justification-center is-layout-flex wp-container-core-social-links-is-layout-16018d1d wp-block-social-links-is-layout-flex\"><li class=\"wp-social-link wp-social-link-instagram  wp-block-social-link\"><a href=\"https:\/\/instagram.com\/musikzugschlossneuhaus\/\" class=\"wp-block-social-link-anchor\"><svg width=\"24\" height=\"24\" viewBox=\"0 0 24 24\" version=\"1.1\" xmlns=\"http:\/\/www.w3.org\/2000\/svg\" aria-hidden=\"true\" focusable=\"false\"><path d=\"M12,4.622c2.403,0,2.688,0.009,3.637,0.052c0.877,0.04,1.354,0.187,1.671,0.31c0.42,0.163,0.72,0.358,1.035,0.673 c0.315,0.315,0.51,0.615,0.673,1.035c0.123,0.317,0.27,0.794,0.31,1.671c0.043,0.949,0.052,1.234,0.052,3.637 s-0.009,2.688-0.052,3.637c-0.04,0.877-0.187,1.354-0.31,1.671c-0.163,0.42-0.358,0.72-0.673,1.035 c-0.315,0.315-0.615,0.51-1.035,0.673c-0.317,0.123-0.794,0.27-1.671,0.31c-0.949,0.043-1.233,0.052-3.637,0.052 s-2.688-0.009-3.637-0.052c-0.877-0.04-1.354-0.187-1.671-0.31c-0.42-0.163-0.72-0.358-1.035-0.673 c-0.315-0.315-0.51-0.615-0.673-1.035c-0.123-0.317-0.27-0.794-0.31-1.671C4.631,14.688,4.622,14.403,4.622,12 s0.009-2.688,0.052-3.637c0.04-0.877,0.187-1.354,0.31-1.671c0.163-0.42,0.358-0.72,0.673-1.035 c0.315-0.315,0.615-0.51,1.035-0.673c0.317-0.123,0.794-0.27,1.671-0.31C9.312,4.631,9.597,4.622,12,4.622 M12,3 C9.556,3,9.249,3.01,8.289,3.054C7.331,3.098,6.677,3.25,6.105,3.472C5.513,3.702,5.011,4.01,4.511,4.511 c-0.5,0.5-0.808,1.002-1.038,1.594C3.25,6.677,3.098,7.331,3.054,8.289C3.01,9.249,3,9.556,3,12c0,2.444,0.01,2.751,0.054,3.711 c0.044,0.958,0.196,1.612,0.418,2.185c0.23,0.592,0.538,1.094,1.038,1.594c0.5,0.5,1.002,0.808,1.594,1.038 c0.572,0.222,1.227,0.375,2.185,0.418C9.249,20.99,9.556,21,12,21s2.751-0.01,3.711-0.054c0.958-0.044,1.612-0.196,2.185-0.418 c0.592-0.23,1.094-0.538,1.594-1.038c0.5-0.5,0.808-1.002,1.038-1.594c0.222-0.572,0.375-1.227,0.418-2.185 C20.99,14.751,21,14.444,21,12s-0.01-2.751-0.054-3.711c-0.044-0.958-0.196-1.612-0.418-2.185c-0.23-0.592-0.538-1.094-1.038-1.594 c-0.5-0.5-1.002-0.808-1.594-1.038c-0.572-0.222-1.227-0.375-2.185-0.418C14.751,3.01,14.444,3,12,3L12,3z M12,7.378 c-2.552,0-4.622,2.069-4.622,4.622S9.448,16.622,12,16.622s4.622-2.069,4.622-4.622S14.552,7.378,12,7.378z M12,15 c-1.657,0-3-1.343-3-3s1.343-3,3-3s3,1.343,3,3S13.657,15,12,15z M16.804,6.116c-0.596,0-1.08,0.484-1.08,1.08 s0.484,1.08,1.08,1.08c0.596,0,1.08-0.484,1.08-1.08S17.401,6.116,16.804,6.116z\"><\/path><\/svg><span class=\"wp-block-social-link-label screen-reader-text\">Instagram<\/span><\/a><\/li>\n\n<li class=\"wp-social-link wp-social-link-facebook  wp-block-social-link\"><a href=\"https:\/\/www.facebook.com\/MusikzugSchlossNeuhaus\" class=\"wp-block-social-link-anchor\"><svg width=\"24\" height=\"24\" viewBox=\"0 0 24 24\" version=\"1.1\" xmlns=\"http:\/\/www.w3.org\/2000\/svg\" aria-hidden=\"true\" focusable=\"false\"><path d=\"M12 2C6.5 2 2 6.5 2 12c0 5 3.7 9.1 8.4 9.9v-7H7.9V12h2.5V9.8c0-2.5 1.5-3.9 3.8-3.9 1.1 0 2.2.2 2.2.2v2.5h-1.3c-1.2 0-1.6.8-1.6 1.6V12h2.8l-.4 2.9h-2.3v7C18.3 21.1 22 17 22 12c0-5.5-4.5-10-10-10z\"><\/path><\/svg><span class=\"wp-block-social-link-label screen-reader-text\">Facebook<\/span><\/a><\/li>\n\n<li class=\"wp-social-link wp-social-link-youtube  wp-block-social-link\"><a href=\"https:\/\/www.youtube.com\/@musikzugschloneuhaus8329\" class=\"wp-block-social-link-anchor\"><svg width=\"24\" height=\"24\" viewBox=\"0 0 24 24\" version=\"1.1\" xmlns=\"http:\/\/www.w3.org\/2000\/svg\" aria-hidden=\"true\" focusable=\"false\"><path d=\"M21.8,8.001c0,0-0.195-1.378-0.795-1.985c-0.76-0.797-1.613-0.801-2.004-0.847c-2.799-0.202-6.997-0.202-6.997-0.202 h-0.009c0,0-4.198,0-6.997,0.202C4.608,5.216,3.756,5.22,2.995,6.016C2.395,6.623,2.2,8.001,2.2,8.001S2,9.62,2,11.238v1.517 c0,1.618,0.2,3.237,0.2,3.237s0.195,1.378,0.795,1.985c0.761,0.797,1.76,0.771,2.205,0.855c1.6,0.153,6.8,0.201,6.8,0.201 s4.203-0.006,7.001-0.209c0.391-0.047,1.243-0.051,2.004-0.847c0.6-0.607,0.795-1.985,0.795-1.985s0.2-1.618,0.2-3.237v-1.517 C22,9.62,21.8,8.001,21.8,8.001z M9.935,14.594l-0.001-5.62l5.404,2.82L9.935,14.594z\"><\/path><\/svg><span class=\"wp-block-social-link-label screen-reader-text\">YouTube<\/span><\/a><\/li>\n\n<li class=\"wp-social-link wp-social-link-mail  wp-block-social-link\"><a href=\"mailto:vorstand@musikzug-schloss-neuhaus.de?subject=Email%20an%20Musikzug%20Schloss%20Neuhaus&#038;body=Lieber%20Musikzug,\" class=\"wp-block-social-link-anchor\"><svg width=\"24\" height=\"24\" viewBox=\"0 0 24 24\" version=\"1.1\" xmlns=\"http:\/\/www.w3.org\/2000\/svg\" aria-hidden=\"true\" focusable=\"false\"><path d=\"M19,5H5c-1.1,0-2,.9-2,2v10c0,1.1.9,2,2,2h14c1.1,0,2-.9,2-2V7c0-1.1-.9-2-2-2zm.5,12c0,.3-.2.5-.5.5H5c-.3,0-.5-.2-.5-.5V9.8l7.5,5.6,7.5-5.6V17zm0-9.1L12,13.6,4.5,7.9V7c0-.3.2-.5.5-.5h14c.3,0,.5.2.5.5v.9z\"><\/path><\/svg><span class=\"wp-block-social-link-label screen-reader-text\">E-Mail<\/span><\/a><\/li><\/ul>\n","protected":false},"excerpt":{"rendered":"<p>Fr\u00fchlingserwachen Der Winter ist bald vorbei, der Fr\u00fchling steht bereits in den Startl\u00f6chern, genauso wie unsere Musikerinnen und Musiker. Wir freuen uns, Ihnen am 21. M\u00e4rz 2026 um 19 Uhr unser Konzert, unter dem Motto Fr\u00fchlingserwachen, in unserer Schlosshalle in Schlo\u00df Neuhaus zu pr\u00e4sentieren. Freuen Sie sich auf einen klangvollen Abend und lassen Sie sich [&hellip;]<\/p>\n","protected":false},"author":1,"featured_media":0,"parent":0,"menu_order":0,"comment_status":"closed","ping_status":"closed","template":"","meta":{"_cbd_carousel_blocks":"[]","ngg_post_thumbnail":0,"footnotes":""},"class_list":["post-2664","page","type-page","status-publish","hentry"],"_links":{"self":[{"href":"https:\/\/www.musikzug-schloss-neuhaus.de\/index.php?rest_route=\/wp\/v2\/pages\/2664","targetHints":{"allow":["GET"]}}],"collection":[{"href":"https:\/\/www.musikzug-schloss-neuhaus.de\/index.php?rest_route=\/wp\/v2\/pages"}],"about":[{"href":"https:\/\/www.musikzug-schloss-neuhaus.de\/index.php?rest_route=\/wp\/v2\/types\/page"}],"author":[{"embeddable":true,"href":"https:\/\/www.musikzug-schloss-neuhaus.de\/index.php?rest_route=\/wp\/v2\/users\/1"}],"replies":[{"embeddable":true,"href":"https:\/\/www.musikzug-schloss-neuhaus.de\/index.php?rest_route=%2Fwp%2Fv2%2Fcomments&post=2664"}],"version-history":[{"count":17,"href":"https:\/\/www.musikzug-schloss-neuhaus.de\/index.php?rest_route=\/wp\/v2\/pages\/2664\/revisions"}],"predecessor-version":[{"id":2732,"href":"https:\/\/www.musikzug-schloss-neuhaus.de\/index.php?rest_route=\/wp\/v2\/pages\/2664\/revisions\/2732"}],"wp:attachment":[{"href":"https:\/\/www.musikzug-schloss-neuhaus.de\/index.php?rest_route=%2Fwp%2Fv2%2Fmedia&parent=2664"}],"curies":[{"name":"wp","href":"https:\/\/api.w.org\/{rel}","templated":true}]}}