{"id":256,"date":"2019-03-28T13:21:59","date_gmt":"2019-03-28T12:21:59","guid":{"rendered":"http:\/\/relaunch.musikzug-schloss-neuhaus.de\/?page_id=256"},"modified":"2025-02-07T16:37:24","modified_gmt":"2025-02-07T15:37:24","slug":"die-greenhorns","status":"publish","type":"page","link":"https:\/\/www.musikzug-schloss-neuhaus.de\/?page_id=256","title":{"rendered":"Die &#8220;Greenhorns&#8221;"},"content":{"rendered":"<div class=\"wp-block-image\">\n<figure class=\"alignleft\"><img loading=\"lazy\" decoding=\"async\" width=\"139\" height=\"75\" src=\"https:\/\/www.musikzug-schloss-neuhaus.de\/wp-content\/uploads\/2019\/09\/logo_greenhorns.gif\" alt=\"\" class=\"wp-image-1336\"\/><\/figure>\n<\/div>\n\n<div class=\"wp-block-image\">\n<figure class=\"alignright size-medium\"><a href=\"https:\/\/www.musikzug-schloss-neuhaus.de\/wp-content\/uploads\/2023\/02\/IMG_8481-scaled.jpeg\" rel=\"lightbox[256]\"><img loading=\"lazy\" decoding=\"async\" width=\"300\" height=\"225\" src=\"https:\/\/www.musikzug-schloss-neuhaus.de\/wp-content\/uploads\/2023\/02\/IMG_8481-300x225.jpeg\" alt=\"\" class=\"wp-image-2606\" srcset=\"https:\/\/www.musikzug-schloss-neuhaus.de\/wp-content\/uploads\/2023\/02\/IMG_8481-300x225.jpeg 300w, https:\/\/www.musikzug-schloss-neuhaus.de\/wp-content\/uploads\/2023\/02\/IMG_8481-1024x768.jpeg 1024w, https:\/\/www.musikzug-schloss-neuhaus.de\/wp-content\/uploads\/2023\/02\/IMG_8481-768x576.jpeg 768w, https:\/\/www.musikzug-schloss-neuhaus.de\/wp-content\/uploads\/2023\/02\/IMG_8481-1536x1152.jpeg 1536w, https:\/\/www.musikzug-schloss-neuhaus.de\/wp-content\/uploads\/2023\/02\/IMG_8481-2048x1536.jpeg 2048w, https:\/\/www.musikzug-schloss-neuhaus.de\/wp-content\/uploads\/2023\/02\/IMG_8481-1320x990.jpeg 1320w\" sizes=\"auto, (max-width: 300px) 100vw, 300px\" \/><\/a><\/figure>\n<\/div>\n\n\n<p><a href=\"http:\/\/www.mz-sn.de\/images\/Greenhorns.jpg\" rel=\"lightbox[256]\"><\/a><\/p>\n\n\n\n<p>Besonders gef\u00f6rdert wird im Musikzug Schlo\u00df Neuhaus die Jugend- bzw. Nachwuchsarbeit. Seit 2008 existiert das Jugendorchester \u201eGreenhorns\u201c, gegr\u00fcndet auf Basis einer Kooperation des Musikzugs mit der Realschule Schlo\u00df Neuhaus und der St\u00e4dtischen Musikschule. Interessierte Jugendliche werden \u00fcber das Projekt \u201eBl\u00e4serklasse\u201c der Realschule f\u00fcr die verschiedenen Blasinstrumente begeistert. Die in der Bl\u00e4serklasse gewonnenen Grundlagen k\u00f6nnen die Jungmusiker im Jugendorchester des Musikzuges weiter ausbauen und beim gemeinsamen Musizieren vertiefen. Daneben verst\u00e4rken weitere Jugendliche aus Schlo\u00df Neuhaus und Umgebung die \u201eGreenhorns\u201c.<\/p>\n\n\n\n<p>Vor allem nach dem Ende der Bl\u00e4serklasse ist Instrumentalunterricht neben dem Orchester f\u00fcr die eigenen Fortschritte sehr wichtig. Dieser wird durch den Musikzug vermittelt und gef\u00f6rdert. Durch die Kombination konnten inzwischen Sch\u00fcler aus zahlreichen Jahrg\u00e4ngen an Gelerntes ankn\u00fcpfen und ihre musikalische Laufbahn problemlos fortsetzen.<\/p>\n\n\n\n<p>Ein Highlight stellt bei den Jungmusikern immer das j\u00e4hrlich stattfindende Probewochenende in der n\u00e4heren Umgebung dar, neben der Musik wird dabei vor allem der Zusammenhalt gest\u00e4rkt. Damit sich die anstrengende Probenarbeit lohnt, treten die Greenhorns zu Anl\u00e4ssen wie dem Kaffeekonzert auf dem Sch\u00fctzenfest, dem Konzert des Musikzuges, den Martinsz\u00fcgen einiger Neuh\u00e4user Kindertagesst\u00e4tten und dem Neuh\u00e4user Weihnachtsmarkt auf. Dazwischen sorgen Freizeitaktivit\u00e4ten f\u00fcr Spa\u00df und Ausgleich, auch k\u00f6nnen sich neue und alte Mitglieder hier besser kennenlernen.<\/p>\n\n\n<div class=\"wp-block-image\">\n<figure class=\"alignleft size-medium\"><a href=\"https:\/\/www.musikzug-schloss-neuhaus.de\/wp-content\/uploads\/2023\/02\/zeitungschlagen-scaled.jpg\" rel=\"lightbox[256]\"><img loading=\"lazy\" decoding=\"async\" width=\"300\" height=\"200\" src=\"https:\/\/www.musikzug-schloss-neuhaus.de\/wp-content\/uploads\/2023\/02\/zeitungschlagen-300x200.jpg\" alt=\"\" class=\"wp-image-2608\" srcset=\"https:\/\/www.musikzug-schloss-neuhaus.de\/wp-content\/uploads\/2023\/02\/zeitungschlagen-300x200.jpg 300w, https:\/\/www.musikzug-schloss-neuhaus.de\/wp-content\/uploads\/2023\/02\/zeitungschlagen-1024x683.jpg 1024w, https:\/\/www.musikzug-schloss-neuhaus.de\/wp-content\/uploads\/2023\/02\/zeitungschlagen-768x512.jpg 768w, https:\/\/www.musikzug-schloss-neuhaus.de\/wp-content\/uploads\/2023\/02\/zeitungschlagen-1536x1024.jpg 1536w, https:\/\/www.musikzug-schloss-neuhaus.de\/wp-content\/uploads\/2023\/02\/zeitungschlagen-2048x1365.jpg 2048w, https:\/\/www.musikzug-schloss-neuhaus.de\/wp-content\/uploads\/2023\/02\/zeitungschlagen-1320x880.jpg 1320w\" sizes=\"auto, (max-width: 300px) 100vw, 300px\" \/><\/a><\/figure>\n<\/div>\n\n\n<p>Im Rahmen des Lehrgangssystems des Volksmusikerbundes NRW k\u00f6nnen die jungen Musiker weitere theoretische und musikalische Grundlagen erlernen und ihr Geh\u00f6r schulen. Die bestandene Abschlusspr\u00fcfung des \u201eD1\u201c-Lehrgangs berechtigt sie dann zur Mitwirkung im Hauptorchester des Musikzugs. So konnten im Laufe der Jahre bereits etliche \u201eGreenhorns\u201c erfolgreich den Lehrgang absolvieren und verst\u00e4rken seither tatkr\u00e4ftig den Musikzug.<\/p>\n\n\n\n<p>Geleitet werden die \u201eGreenhorns\u201c von Elmar B\u00fcsse, geprobt wird montags von 17:30 bis 18:30 Uhr im obersten Turmzimmer des Verwaltungsfl\u00fcgels im Schloss. Willkommen sind Jugendliche jeglichen Fortschritts, auch bei den ersten Schritten zum Erlernen eines Instruments ist der Musikzug gerne behilflich.<\/p>\n\n\n\n<p><a rel=\"noreferrer noopener\" href=\"http:\/\/www.mz-sn.de\/images\/Greenhorns2.jpg\" target=\"_blank\" rel=\"lightbox[256]\"><\/a><\/p>\n\n\n\n<p>Schreib uns bei Interesse oder Fragen eine Nachricht an <a href=\"mailto:greenhorns@musikzug-schloss-neuhaus.de\">greenhorns@musikzug-schloss-neuhaus.de<\/a> und schau einfach Mal vorbei!<\/p>\n","protected":false},"excerpt":{"rendered":"<p>Besonders gef\u00f6rdert wird im Musikzug Schlo\u00df Neuhaus die Jugend- bzw. Nachwuchsarbeit. Seit 2008 existiert das Jugendorchester \u201eGreenhorns\u201c, gegr\u00fcndet auf Basis einer Kooperation des Musikzugs mit der Realschule Schlo\u00df Neuhaus und der St\u00e4dtischen Musikschule. Interessierte Jugendliche werden \u00fcber das Projekt \u201eBl\u00e4serklasse\u201c der Realschule f\u00fcr die verschiedenen Blasinstrumente begeistert. Die in der Bl\u00e4serklasse gewonnenen Grundlagen k\u00f6nnen die [&hellip;]<\/p>\n","protected":false},"author":1,"featured_media":0,"parent":0,"menu_order":0,"comment_status":"closed","ping_status":"closed","template":"","meta":{"_cbd_carousel_blocks":"[]","ngg_post_thumbnail":0,"footnotes":""},"class_list":["post-256","page","type-page","status-publish","hentry"],"_links":{"self":[{"href":"https:\/\/www.musikzug-schloss-neuhaus.de\/index.php?rest_route=\/wp\/v2\/pages\/256","targetHints":{"allow":["GET"]}}],"collection":[{"href":"https:\/\/www.musikzug-schloss-neuhaus.de\/index.php?rest_route=\/wp\/v2\/pages"}],"about":[{"href":"https:\/\/www.musikzug-schloss-neuhaus.de\/index.php?rest_route=\/wp\/v2\/types\/page"}],"author":[{"embeddable":true,"href":"https:\/\/www.musikzug-schloss-neuhaus.de\/index.php?rest_route=\/wp\/v2\/users\/1"}],"replies":[{"embeddable":true,"href":"https:\/\/www.musikzug-schloss-neuhaus.de\/index.php?rest_route=%2Fwp%2Fv2%2Fcomments&post=256"}],"version-history":[{"count":11,"href":"https:\/\/www.musikzug-schloss-neuhaus.de\/index.php?rest_route=\/wp\/v2\/pages\/256\/revisions"}],"predecessor-version":[{"id":2701,"href":"https:\/\/www.musikzug-schloss-neuhaus.de\/index.php?rest_route=\/wp\/v2\/pages\/256\/revisions\/2701"}],"wp:attachment":[{"href":"https:\/\/www.musikzug-schloss-neuhaus.de\/index.php?rest_route=%2Fwp%2Fv2%2Fmedia&parent=256"}],"curies":[{"name":"wp","href":"https:\/\/api.w.org\/{rel}","templated":true}]}}